{"id":840,"date":"2025-07-10T14:31:22","date_gmt":"2025-07-10T14:31:22","guid":{"rendered":"https:\/\/www.duffel-siegen.de\/?page_id=840"},"modified":"2026-03-25T08:46:14","modified_gmt":"2026-03-25T08:46:14","slug":"aktionen","status":"publish","type":"page","link":"https:\/\/www.duffel-siegen.de\/?page_id=840","title":{"rendered":"Aktionen"},"content":{"rendered":"\r\n<h3 style=\"text-align: center;\">\u00a0<\/h3>\r\n<p class=\"cvGsUA direction-ltr align-center para-style-body\" style=\"text-align: center;\"><span style=\"font-size: 20pt; color: #000000;\"><strong><span class=\"a_GcMg font-feature-liga-off font-feature-clig-off font-feature-calt-off text-decoration-none text-strikethrough-none\">Reibepl\u00e4tzchen und R\u00f6stib\u00fcffet<\/span><\/strong><\/span><\/p>\r\n<p class=\"cvGsUA direction-ltr align-center para-style-body\" style=\"text-align: center;\"><span style=\"text-decoration: underline; color: #ff0000;\"><span style=\"font-size: 16pt;\"><span class=\"a_GcMg font-feature-liga-off font-feature-clig-off font-feature-calt-off text-decoration-none text-strikethrough-none\"> Freitag, 10.04.2026 <\/span><span class=\"a_GcMg font-feature-liga-off font-feature-clig-off font-feature-calt-off text-decoration-none text-strikethrough-none\"> Ab 18 Uhr<\/span><\/span><\/span><\/p>\r\n<p class=\"cvGsUA direction-ltr align-center para-style-body\" style=\"text-align: center;\"><span style=\"text-decoration: underline;\"><span class=\"a_GcMg font-feature-liga-off font-feature-clig-off font-feature-calt-off text-decoration-none text-strikethrough-none\">Unter dem Motto \u201eLeckeres rund um die Kartoffel\u201c erwarten Sie :<\/span><\/span><\/p>\r\n<p class=\"cvGsUA direction-ltr align-center para-style-body\" style=\"text-align: center;\"><span class=\"a_GcMg font-feature-liga-off font-feature-clig-off font-feature-calt-off text-decoration-none text-strikethrough-none\">Siegerl\u00e4nder Kartoffelsuppe<\/span><br \/><br \/><span class=\"a_GcMg font-feature-liga-off font-feature-clig-off font-feature-calt-off text-decoration-none text-strikethrough-none\">Gebratene Blutwurst<\/span><br \/><br \/><span class=\"a_GcMg font-feature-liga-off font-feature-clig-off font-feature-calt-off text-decoration-none text-strikethrough-none\">Schweineschnitzel &amp; H\u00e4hnchenunterkeulen<\/span><br \/><br \/><span class=\"a_GcMg font-feature-liga-off font-feature-clig-off font-feature-calt-off text-decoration-none text-strikethrough-none\">Putengeschnetzeltes &amp; Hackfleischb\u00e4llchen<\/span><br \/><br \/><span class=\"a_GcMg font-feature-liga-off font-feature-clig-off font-feature-calt-off text-decoration-none text-strikethrough-none\">R\u00e4ucherfisch<\/span><br \/><br \/><span class=\"a_GcMg font-feature-liga-off font-feature-clig-off font-feature-calt-off text-decoration-none text-strikethrough-none\">Tomate-Mozzarella &amp; Kr\u00e4uterdip<\/span><br \/><br \/><span class=\"a_GcMg font-feature-liga-off font-feature-clig-off font-feature-calt-off text-decoration-none text-strikethrough-none\">Apfelmus, frisches Gem\u00fcse &amp; gro\u00dfes Salatb\u00fcffet<\/span><\/p>\r\n<p class=\"cvGsUA direction-ltr align-center para-style-body\" style=\"text-align: center;\"><strong><span class=\"a_GcMg font-feature-liga-off font-feature-clig-off font-feature-calt-off text-decoration-underline text-strikethrough-none\">Preis pro Person: 22,80 \u20ac<\/span><\/strong><\/p>\r\n<p class=\"cvGsUA direction-ltr align-center para-style-body\" style=\"text-align: center;\"><span class=\"a_GcMg font-feature-liga-off font-feature-clig-off font-feature-calt-off text-decoration-none text-strikethrough-none\">\u00c4nderungen vorbehalten<\/span><\/p>\r\n","protected":false},"excerpt":{"rendered":"<p>\u00a0 Reibepl\u00e4tzchen und R\u00f6stib\u00fcffet Freitag, 10.04.2026 Ab 18 Uhr Unter dem Motto \u201eLeckeres rund um die Kartoffel\u201c erwarten Sie : Siegerl\u00e4nder Kartoffelsuppe Gebratene Blutwurst Schweineschnitzel &amp; H\u00e4hnchenunterkeulen Putengeschnetzeltes &amp; Hackfleischb\u00e4llchen R\u00e4ucherfisch Tomate-Mozzarella &amp; Kr\u00e4uterdip Apfelmus, frisches Gem\u00fcse &amp; gro\u00dfes Salatb\u00fcffet Preis pro Person: 22,80 \u20ac \u00c4nderungen vorbehalten<\/p>\n","protected":false},"author":1,"featured_media":0,"parent":0,"menu_order":0,"comment_status":"closed","ping_status":"closed","template":"","meta":[],"_links":{"self":[{"href":"https:\/\/www.duffel-siegen.de\/index.php?rest_route=\/wp\/v2\/pages\/840"}],"collection":[{"href":"https:\/\/www.duffel-siegen.de\/index.php?rest_route=\/wp\/v2\/pages"}],"about":[{"href":"https:\/\/www.duffel-siegen.de\/index.php?rest_route=\/wp\/v2\/types\/page"}],"author":[{"embeddable":true,"href":"https:\/\/www.duffel-siegen.de\/index.php?rest_route=\/wp\/v2\/users\/1"}],"replies":[{"embeddable":true,"href":"https:\/\/www.duffel-siegen.de\/index.php?rest_route=%2Fwp%2Fv2%2Fcomments&post=840"}],"version-history":[{"count":16,"href":"https:\/\/www.duffel-siegen.de\/index.php?rest_route=\/wp\/v2\/pages\/840\/revisions"}],"predecessor-version":[{"id":907,"href":"https:\/\/www.duffel-siegen.de\/index.php?rest_route=\/wp\/v2\/pages\/840\/revisions\/907"}],"wp:attachment":[{"href":"https:\/\/www.duffel-siegen.de\/index.php?rest_route=%2Fwp%2Fv2%2Fmedia&parent=840"}],"curies":[{"name":"wp","href":"https:\/\/api.w.org\/{rel}","templated":true}]}}