{"id":15,"date":"2018-04-24T10:38:36","date_gmt":"2018-04-24T10:38:36","guid":{"rendered":"http:\/\/neu.duffel-siegen.de\/?page_id=15"},"modified":"2025-12-10T14:11:55","modified_gmt":"2025-12-10T14:11:55","slug":"startseite","status":"publish","type":"page","link":"https:\/\/www.duffel-siegen.de\/","title":{"rendered":"Herzlich Wilkommen"},"content":{"rendered":"<p style=\"text-align: center;\">\u00a0<\/p>\r\n<p class=\"p1\"><span style=\"font-family: tahoma, arial, helvetica, sans-serif;\">Mitten im Herzen von <span class=\"s1\">Siegen-Oberstadt<\/span> liegt unser kleines, gem\u00fctliches Restaurant \u2013 die <span class=\"s1\">Duffel<\/span>. Bei uns gibt\u2019s ehrliche <span class=\"s1\">Hausmannskost mit Siegerl\u00e4ndischem Charakter<\/span>, zubereitet mit viel Liebe, frischen Zutaten und regionalem Anspruch.<\/span><\/p>\r\n<p class=\"cvGsUA direction-ltr align-center para-style-body\"><span class=\"OYPEnA font-feature-liga-off font-feature-clig-off font-feature-calt-off text-decoration-none text-strikethrough-none\" style=\"font-family: tahoma, arial, helvetica, sans-serif;\">Neben unserem regul\u00e4ren Men\u00fc mit Klassikern<span class=\"OYPEnA font-feature-liga-off font-feature-clig-off font-feature-calt-off text-decoration-none text-strikethrough-none white-space-prewrap\">\u00a0<\/span>bieten wir auch immer wieder saisonale Highlights an. Hier geht es zu aktuellen <a href=\"https:\/\/www.duffel-siegen.de\/?page_id=840\" target=\"_blank\" rel=\"noopener\">Aktionen<\/a><\/span><\/p>\r\n<p class=\"p1\"><strong><span class=\"OYPEnA font-feature-liga-off font-feature-clig-off font-feature-calt-off text-decoration-none text-strikethrough-none\" style=\"font-family: tahoma, arial, helvetica, sans-serif;\">Feiern? Gerne bei uns!<\/span><\/strong><\/p>\r\n<p class=\"p1\"><span style=\"font-family: tahoma, arial, helvetica, sans-serif;\"><span class=\"s1\">42 Sitzpl\u00e4tze drinnen<\/span>, inklusive unserem gem\u00fctlichen <span class=\"s1\">\u201eH\u00e4uschen\u201c<\/span> \u2013 ein Separater Bereich f\u00fcr bis zu <span class=\"s1\">6 Personen<\/span>, perfekt f\u00fcr private Treffen in kleiner Runde<\/span><\/p>\r\n<p class=\"cvGsUA direction-ltr align-center para-style-body\"><span class=\"OYPEnA font-feature-liga-off font-feature-clig-off font-feature-calt-off text-decoration-none text-strikethrough-none\" style=\"font-family: tahoma, arial, helvetica, sans-serif;\">F\u00fcr Gruppen ab 10 Personen bitten wir euch vorab um eine Auswahl der Gerichte \u2013 so l\u00e4uft in der K\u00fcche alles rund und ihr m\u00fcsst nicht lange auf euer Essen warten. Hier geht es zu den <a href=\"https:\/\/www.duffel-siegen.de\/?page_id=5\">Speisen<\/a><\/span><\/p>\r\n<p class=\"p1\"><span style=\"font-family: tahoma, arial, helvetica, sans-serif;\">Bei sch\u00f6nem Wetter l\u00e4dt au\u00dferdem unsere kleine Terrasse mit Blick ins Gr\u00fcne zum Verweilen ein \u2013 ruhig gelegen und doch mitten in der Stadt.<\/span><\/p>\r\n<p class=\"p1\"><span style=\"font-family: tahoma, arial, helvetica, sans-serif;\"><b>Liebe G\u00e4ste,<\/b><b><\/b><\/span><\/p>\r\n<p class=\"p2\"><span style=\"font-family: tahoma, arial, helvetica, sans-serif;\">damit wir euch immer den bestm\u00f6glichen Service bieten k\u00f6nnen, haben wir eine kleine Bitte:<\/span><\/p>\r\n<p class=\"p1\"><span style=\"font-family: tahoma, arial, helvetica, sans-serif;\"><b>Gebt uns kurz Bescheid<\/b><span class=\"s1\">, wenn sich eure <\/span><b>Personenzahl \u00e4ndert<\/b><span class=\"s1\"> oder ihr eure <\/span><b>Reservierung nicht wahrnehmen k\u00f6nnt<\/b><span class=\"s1\">.<\/span><\/span><\/p>\r\n<p class=\"p2\"><span style=\"font-family: tahoma, arial, helvetica, sans-serif;\">Gerade an gut besuchten Tagen macht es f\u00fcr uns einen gro\u00dfen Unterschied, ob ein Tisch f\u00fcr 8 oder am Ende nur f\u00fcr 6 G\u00e4ste genutzt wird. Wenn wir es vorher wissen, k\u00f6nnen wir die freien Pl\u00e4tze an andere G\u00e4ste vergeben.<\/span><\/p>\r\n<p class=\"p1\"><span style=\"font-family: tahoma, arial, helvetica, sans-serif;\"><b>Eine kurze Nachricht reicht \u2013 sogar 10 Minuten vorher hilft uns schon weiter.<\/b><b><\/b><\/span><\/p>\r\n<p class=\"p2\"><span style=\"font-family: tahoma, arial, helvetica, sans-serif;\">Danke f\u00fcr euer Verst\u00e4ndnis und eure Unterst\u00fctzung.<\/span><\/p>\r\n<p class=\"p2\"><span style=\"font-family: tahoma, arial, helvetica, sans-serif;\">So k\u00f6nnen wir weiterhin mit ganzem Herzen f\u00fcr euch da sein.<\/span><\/p>\r\n<p class=\"p1\"><span style=\"font-family: tahoma, arial, helvetica, sans-serif;\"><b>Euer Duffel-Team<\/b><\/span><\/p>\r\n<p style=\"text-align: center;\">\u00a0<\/p>\r\n\r\n<p class=\"has-text-align-center\">Restaurant Duffel, Marburger Tor 19, 57072 Siegen<br \/>Telefon 0271-2318933, Reservierungen bitte nur telefonisch<\/p>\r\n","protected":false},"excerpt":{"rendered":"<p>\u00a0 Mitten im Herzen von Siegen-Oberstadt liegt unser kleines, gem\u00fctliches Restaurant \u2013 die Duffel. Bei uns gibt\u2019s ehrliche Hausmannskost mit Siegerl\u00e4ndischem Charakter, zubereitet mit viel Liebe, frischen Zutaten und regionalem Anspruch. Neben unserem regul\u00e4ren Men\u00fc mit Klassikern\u00a0bieten wir auch immer wieder saisonale Highlights an. Hier geht es zu aktuellen Aktionen Feiern? Gerne bei uns! 42 &hellip; <a href=\"https:\/\/www.duffel-siegen.de\/\" class=\"more-link\"><span class=\"screen-reader-text\">\u201eHerzlich Wilkommen\u201c<\/span> weiterlesen<\/a><\/p>\n","protected":false},"author":1,"featured_media":0,"parent":0,"menu_order":0,"comment_status":"closed","ping_status":"closed","template":"","meta":[],"_links":{"self":[{"href":"https:\/\/www.duffel-siegen.de\/index.php?rest_route=\/wp\/v2\/pages\/15"}],"collection":[{"href":"https:\/\/www.duffel-siegen.de\/index.php?rest_route=\/wp\/v2\/pages"}],"about":[{"href":"https:\/\/www.duffel-siegen.de\/index.php?rest_route=\/wp\/v2\/types\/page"}],"author":[{"embeddable":true,"href":"https:\/\/www.duffel-siegen.de\/index.php?rest_route=\/wp\/v2\/users\/1"}],"replies":[{"embeddable":true,"href":"https:\/\/www.duffel-siegen.de\/index.php?rest_route=%2Fwp%2Fv2%2Fcomments&post=15"}],"version-history":[{"count":222,"href":"https:\/\/www.duffel-siegen.de\/index.php?rest_route=\/wp\/v2\/pages\/15\/revisions"}],"predecessor-version":[{"id":896,"href":"https:\/\/www.duffel-siegen.de\/index.php?rest_route=\/wp\/v2\/pages\/15\/revisions\/896"}],"wp:attachment":[{"href":"https:\/\/www.duffel-siegen.de\/index.php?rest_route=%2Fwp%2Fv2%2Fmedia&parent=15"}],"curies":[{"name":"wp","href":"https:\/\/api.w.org\/{rel}","templated":true}]}}